{"id":1427,"date":"2023-12-04T09:41:41","date_gmt":"2023-12-04T09:41:41","guid":{"rendered":"https:\/\/klikdozdravlja.rs\/?post_type=product&#038;p=1427"},"modified":"2025-05-30T09:49:46","modified_gmt":"2025-05-30T09:49:46","slug":"latopic-gel-kupka","status":"publish","type":"product","link":"https:\/\/klikdozdravlja.rs\/?product=latopic-gel-kupka","title":{"rendered":"Latopic gel kupka 400 ml"},"content":{"rendered":"<p style=\"font-weight: 400;\"><strong>LATOPIC GEL KUPKA ZA KOSU I TELO<\/strong><\/p>\n<p style=\"font-weight: 400;\"><strong>Namenjeno za svakodnevnu higijenu i negu kose i ko\u017ee tela koja je atopi\u010dna, suva i sklona iritacijama:<\/strong><\/p>\n<ul>\n<li><strong>sadr\u017ei <em>Lactobacillus sp<\/em>. <\/strong>metabolite sa antimikrobnim svojstvima,<\/li>\n<li>ne\u017eno \u010disti i ne o\u0161te\u0107uje hidrolipidni sloj epidermisa,<\/li>\n<li>obezbe\u0111uje dugotrajnu hidrataciju ko\u017ee i elimini\u0161e ose\u0107aj zategnutosti ko\u017ee,<\/li>\n<li>ubla\u017eava svrab i iritacije ko\u017ee tela i glave,<\/li>\n<li>omek\u0161ava kosu i olaka\u0161ava \u010de\u0161ljanje.<\/li>\n<\/ul>\n<p style=\"font-weight: 400;\"><strong>Aktivni sastojci <\/strong><\/p>\n<p style=\"font-weight: 400;\">Lactobacillus sp. metaboliti, SyriCalm\u00ae, AQUAXYL<sup>TM<\/sup>, OLIVEM\u00ae 300, biolopid (Coco-glukozid, gliceril oleat), polidocanol, betain, pantenol, alantoin, glicerin.<\/p>\n<p style=\"font-weight: 400;\"><strong>Uputstvo za upotrebu<\/strong><\/p>\n<p style=\"font-weight: 400;\">Nanesite malu koli\u010dinu gela na ruku, ne\u017eno razma\u017eite na vla\u017enu ko\u017eu tela i glave i po celoj du\u017eini kose. Isperite vodom. Zatim pa\u017eljivo osu\u0161ite ko\u017eu i kosu pe\u0161kirom.<\/p>\n","protected":false},"excerpt":{"rendered":"<p><span lang=\"SR-LATN-RS\">Namenjeno za svakodnevnu higijenu i negu kose i ko\u017ee tela koja je atopi\u010dna, suva i sklona iritacijama.<\/span><\/p>\n","protected":false},"featured_media":1436,"comment_status":"open","ping_status":"closed","template":"","meta":{"om_disable_all_campaigns":false,"_monsterinsights_skip_tracking":false,"_monsterinsights_sitenote_active":false,"_monsterinsights_sitenote_note":"","_monsterinsights_sitenote_category":0,"_uf_show_specific_survey":0,"_uf_disable_surveys":false},"product_brand":[],"product_cat":[20,80],"product_tag":[98,99,129],"class_list":{"0":"post-1427","1":"product","2":"type-product","3":"status-publish","4":"has-post-thumbnail","6":"product_cat-all","7":"product_cat-kozmetika","8":"product_tag-atopija","9":"product_tag-ekcem","10":"product_tag-kozmetika","12":"first","13":"outofstock","14":"shipping-taxable","15":"purchasable","16":"product-type-simple"},"aioseo_notices":[],"jetpack_sharing_enabled":true,"_links":{"self":[{"href":"https:\/\/klikdozdravlja.rs\/index.php?rest_route=\/wp\/v2\/product\/1427","targetHints":{"allow":["GET"]}}],"collection":[{"href":"https:\/\/klikdozdravlja.rs\/index.php?rest_route=\/wp\/v2\/product"}],"about":[{"href":"https:\/\/klikdozdravlja.rs\/index.php?rest_route=\/wp\/v2\/types\/product"}],"replies":[{"embeddable":true,"href":"https:\/\/klikdozdravlja.rs\/index.php?rest_route=%2Fwp%2Fv2%2Fcomments&post=1427"}],"version-history":[{"count":4,"href":"https:\/\/klikdozdravlja.rs\/index.php?rest_route=\/wp\/v2\/product\/1427\/revisions"}],"predecessor-version":[{"id":1437,"href":"https:\/\/klikdozdravlja.rs\/index.php?rest_route=\/wp\/v2\/product\/1427\/revisions\/1437"}],"wp:featuredmedia":[{"embeddable":true,"href":"https:\/\/klikdozdravlja.rs\/index.php?rest_route=\/wp\/v2\/media\/1436"}],"wp:attachment":[{"href":"https:\/\/klikdozdravlja.rs\/index.php?rest_route=%2Fwp%2Fv2%2Fmedia&parent=1427"}],"wp:term":[{"taxonomy":"product_brand","embeddable":true,"href":"https:\/\/klikdozdravlja.rs\/index.php?rest_route=%2Fwp%2Fv2%2Fproduct_brand&post=1427"},{"taxonomy":"product_cat","embeddable":true,"href":"https:\/\/klikdozdravlja.rs\/index.php?rest_route=%2Fwp%2Fv2%2Fproduct_cat&post=1427"},{"taxonomy":"product_tag","embeddable":true,"href":"https:\/\/klikdozdravlja.rs\/index.php?rest_route=%2Fwp%2Fv2%2Fproduct_tag&post=1427"}],"curies":[{"name":"wp","href":"https:\/\/api.w.org\/{rel}","templated":true}]}}