{"id":1433,"date":"2023-12-04T09:50:47","date_gmt":"2023-12-04T09:50:47","guid":{"rendered":"https:\/\/klikdozdravlja.rs\/?post_type=product&#038;p=1433"},"modified":"2025-05-30T09:49:37","modified_gmt":"2025-05-30T09:49:37","slug":"latopic-emulzija","status":"publish","type":"product","link":"https:\/\/klikdozdravlja.rs\/?product=latopic-emulzija","title":{"rendered":"Latopic emulzija za telo 250 ml"},"content":{"rendered":"<p style=\"font-weight: 400;\"><strong>LATOPIC EMULZIJA ZA TELO<\/strong><\/p>\n<p style=\"font-weight: 400;\"><strong>Emulzija je namenjena za negu celog tela. Lako se razmazuje, brzo se upija i ne ostavlja masni film na ko\u017ei zbog svoje lagane konzistencije: <\/strong><\/p>\n<ul>\n<li><strong>sadr\u017ei <em>Lactobacillus sp.<\/em> metabolite koji imaju antimikrobna svojstva, <\/strong><\/li>\n<li>ubla\u017eava svrab i iritacije,<\/li>\n<li>ne\u017eno podmazuje suvu ko\u017eu celog tela, elimini\u0161u ose\u0107aj preterano zategnute i isu\u0161ene ko\u017ee,<\/li>\n<li>stvara delikatan okluzivni sloj, koji spre\u010dava transepidermalni gubitak vode,<\/li>\n<li>regeneri\u0161e hidrolipidnu barijeru epidermisa.<\/li>\n<\/ul>\n<p style=\"font-weight: 400;\"><strong>Aktivni sastojci <\/strong><\/p>\n<p style=\"font-weight: 400;\"><strong><em>Lactobacillus sp<\/em><\/strong><strong>. metaboliti<\/strong>, antipruriti\u010dki kompleks (vosak semena je\u010dma, arganovo ulje, ekstrakt \u0161i putera), polidocanol, pantenol, \u0161i puter, ulje kanole, ulje semena pamuka, alantoin, trigliceridi kaprilne i kaprinske kiseline.<\/p>\n<p style=\"font-weight: 400;\"><strong>Uputstvo za upotrebu<\/strong><\/p>\n<p style=\"font-weight: 400;\">Nanesite tanak sloj emulzije na \u010distu, blago navla\u017eenu ko\u017eu tela i ne\u017eno razma\u017eite. Izbegavajte podru\u010dje oko o\u010diju. Za najbolje rezultate koristite kozmetiku uvek nakon kupanja sa Latopic gel kupkom.<\/p>\n","protected":false},"excerpt":{"rendered":"<div><span lang=\"SR-LATN-RS\">Emulzija je namenjena za negu celog tela. Lako se razmazuje, brzo se upija i ne ostavlja masni film na ko\u017ei zbog svoje lagane konzistencije.<\/span><\/div>\n","protected":false},"featured_media":1439,"comment_status":"open","ping_status":"closed","template":"","meta":{"om_disable_all_campaigns":false,"_monsterinsights_skip_tracking":false,"_monsterinsights_sitenote_active":false,"_monsterinsights_sitenote_note":"","_monsterinsights_sitenote_category":0,"_uf_show_specific_survey":0,"_uf_disable_surveys":false},"product_brand":[],"product_cat":[20,80],"product_tag":[98,99,129,100],"class_list":{"0":"post-1433","1":"product","2":"type-product","3":"status-publish","4":"has-post-thumbnail","6":"product_cat-all","7":"product_cat-kozmetika","8":"product_tag-atopija","9":"product_tag-ekcem","10":"product_tag-kozmetika","11":"product_tag-suva-koza","13":"first","14":"outofstock","15":"shipping-taxable","16":"purchasable","17":"product-type-simple"},"aioseo_notices":[],"jetpack_sharing_enabled":true,"_links":{"self":[{"href":"https:\/\/klikdozdravlja.rs\/index.php?rest_route=\/wp\/v2\/product\/1433","targetHints":{"allow":["GET"]}}],"collection":[{"href":"https:\/\/klikdozdravlja.rs\/index.php?rest_route=\/wp\/v2\/product"}],"about":[{"href":"https:\/\/klikdozdravlja.rs\/index.php?rest_route=\/wp\/v2\/types\/product"}],"replies":[{"embeddable":true,"href":"https:\/\/klikdozdravlja.rs\/index.php?rest_route=%2Fwp%2Fv2%2Fcomments&post=1433"}],"version-history":[{"count":1,"href":"https:\/\/klikdozdravlja.rs\/index.php?rest_route=\/wp\/v2\/product\/1433\/revisions"}],"predecessor-version":[{"id":1434,"href":"https:\/\/klikdozdravlja.rs\/index.php?rest_route=\/wp\/v2\/product\/1433\/revisions\/1434"}],"wp:featuredmedia":[{"embeddable":true,"href":"https:\/\/klikdozdravlja.rs\/index.php?rest_route=\/wp\/v2\/media\/1439"}],"wp:attachment":[{"href":"https:\/\/klikdozdravlja.rs\/index.php?rest_route=%2Fwp%2Fv2%2Fmedia&parent=1433"}],"wp:term":[{"taxonomy":"product_brand","embeddable":true,"href":"https:\/\/klikdozdravlja.rs\/index.php?rest_route=%2Fwp%2Fv2%2Fproduct_brand&post=1433"},{"taxonomy":"product_cat","embeddable":true,"href":"https:\/\/klikdozdravlja.rs\/index.php?rest_route=%2Fwp%2Fv2%2Fproduct_cat&post=1433"},{"taxonomy":"product_tag","embeddable":true,"href":"https:\/\/klikdozdravlja.rs\/index.php?rest_route=%2Fwp%2Fv2%2Fproduct_tag&post=1433"}],"curies":[{"name":"wp","href":"https:\/\/api.w.org\/{rel}","templated":true}]}}