{"id":1440,"date":"2023-12-04T10:10:02","date_gmt":"2023-12-04T10:10:02","guid":{"rendered":"https:\/\/klikdozdravlja.rs\/?post_type=product&#038;p=1440"},"modified":"2025-05-30T09:49:26","modified_gmt":"2025-05-30T09:49:26","slug":"latopic-krema","status":"publish","type":"product","link":"https:\/\/klikdozdravlja.rs\/?product=latopic-krema","title":{"rendered":"Latopic krema za lice i telo 75 ml"},"content":{"rendered":"<p style=\"font-weight: 400;\"><strong>LATOPIC KREMA ZA LICE I TELO <\/strong><\/p>\n<p style=\"font-weight: 400;\"><strong>Neguje veoma suvu i iritiranu ko\u017eu i: <\/strong><\/p>\n<ul>\n<li>sadr\u017ei metabolite <em>Lactobacillus sp<\/em>. koji imaju antimikrobna svojstva,<\/li>\n<li>ubla\u017eavaju pruritus i iritacije,<\/li>\n<li>odgovaraju\u0107e maste, omek\u0161avaju i pobolj\u0161avaju elasti\u010dnost ko\u017ee,<\/li>\n<li>vla\u017ee i spre\u010davaju transepidermalni gubitak vode,<\/li>\n<li>regeneri\u0161u hidrolipidnu barijeru epidermisa,<\/li>\n<li>ubrzavaju regeneraciju o\u0161te\u0107enog epidermisa,<\/li>\n<li>\u0161titi ko\u017eu od hladno\u0107e i vetra i ubla\u017eava iritacije izazvane njima.<\/li>\n<\/ul>\n<p style=\"font-weight: 400;\"><strong>Aktivni sastojci<\/strong><\/p>\n<p style=\"font-weight: 400;\"><strong><em>Lactobacillus sp<\/em><\/strong><strong>. metaboliti<\/strong>, antipruriti\u010dki kompleks (vosak semena je\u010dma, arganovo ulje, ekstrakt \u0161i putera), polidocanol, pantenol, \u0161i puter, lanolin, vitamin E, maslinovo ulje, alantoin, trigliceridi kaprilne i kaprinske kiseline .<\/p>\n<p style=\"font-weight: 400;\"><strong>Uputstvo za upotrebu <\/strong><\/p>\n<p style=\"font-weight: 400;\">Nanesite tanak sloj kreme na \u010distu ko\u017eu lica i posebno na suva i iritirana mesta. Ne\u017eno razma\u017eite. Izbegavajte podru\u010dje oko o\u010diju. Za postizanje najboljih rezultata; koristite najmanje dva puta dnevno.<\/p>\n","protected":false},"excerpt":{"rendered":"<p>Latopic ne\u017ena krema za lice i telo neguje veoma suvu i iritiranu ko\u017eu. Lako se razmazuje, brzo se upija i ne ostavlja masni film na ko\u017ei.<\/p>\n","protected":false},"featured_media":1442,"comment_status":"open","ping_status":"closed","template":"","meta":{"om_disable_all_campaigns":false,"_monsterinsights_skip_tracking":false,"_monsterinsights_sitenote_active":false,"_monsterinsights_sitenote_note":"","_monsterinsights_sitenote_category":0,"_uf_show_specific_survey":0,"_uf_disable_surveys":false},"product_brand":[],"product_cat":[20,80],"product_tag":[98,99,100],"class_list":{"0":"post-1440","1":"product","2":"type-product","3":"status-publish","4":"has-post-thumbnail","6":"product_cat-all","7":"product_cat-kozmetika","8":"product_tag-atopija","9":"product_tag-ekcem","10":"product_tag-suva-koza","12":"first","13":"outofstock","14":"shipping-taxable","15":"purchasable","16":"product-type-simple"},"aioseo_notices":[],"jetpack_sharing_enabled":true,"_links":{"self":[{"href":"https:\/\/klikdozdravlja.rs\/index.php?rest_route=\/wp\/v2\/product\/1440","targetHints":{"allow":["GET"]}}],"collection":[{"href":"https:\/\/klikdozdravlja.rs\/index.php?rest_route=\/wp\/v2\/product"}],"about":[{"href":"https:\/\/klikdozdravlja.rs\/index.php?rest_route=\/wp\/v2\/types\/product"}],"replies":[{"embeddable":true,"href":"https:\/\/klikdozdravlja.rs\/index.php?rest_route=%2Fwp%2Fv2%2Fcomments&post=1440"}],"version-history":[{"count":1,"href":"https:\/\/klikdozdravlja.rs\/index.php?rest_route=\/wp\/v2\/product\/1440\/revisions"}],"predecessor-version":[{"id":1441,"href":"https:\/\/klikdozdravlja.rs\/index.php?rest_route=\/wp\/v2\/product\/1440\/revisions\/1441"}],"wp:featuredmedia":[{"embeddable":true,"href":"https:\/\/klikdozdravlja.rs\/index.php?rest_route=\/wp\/v2\/media\/1442"}],"wp:attachment":[{"href":"https:\/\/klikdozdravlja.rs\/index.php?rest_route=%2Fwp%2Fv2%2Fmedia&parent=1440"}],"wp:term":[{"taxonomy":"product_brand","embeddable":true,"href":"https:\/\/klikdozdravlja.rs\/index.php?rest_route=%2Fwp%2Fv2%2Fproduct_brand&post=1440"},{"taxonomy":"product_cat","embeddable":true,"href":"https:\/\/klikdozdravlja.rs\/index.php?rest_route=%2Fwp%2Fv2%2Fproduct_cat&post=1440"},{"taxonomy":"product_tag","embeddable":true,"href":"https:\/\/klikdozdravlja.rs\/index.php?rest_route=%2Fwp%2Fv2%2Fproduct_tag&post=1440"}],"curies":[{"name":"wp","href":"https:\/\/api.w.org\/{rel}","templated":true}]}}