{"id":331,"date":"2022-09-26T11:00:20","date_gmt":"2022-09-26T11:00:20","guid":{"rendered":"https:\/\/klikdozdravlja.rs\/?post_type=product&#038;p=331"},"modified":"2025-05-30T11:02:06","modified_gmt":"2025-05-30T11:02:06","slug":"viscoflu","status":"publish","type":"product","link":"https:\/\/klikdozdravlja.rs\/?product=viscoflu","title":{"rendered":"Viscoflu"},"content":{"rendered":"<p>Za ja\u010danje imuniteta i za\u0161titu respiratornog sistema (prehlada, ka\u0161alj, sinuzitis, alergija).<\/p>\n<div class=\"elementor-element elementor-element-46efc4f7 elementor-widget elementor-widget-text-editor\" data-id=\"46efc4f7\" data-element_type=\"widget\" data-widget_type=\"text-editor.default\">\n<div class=\"elementor-widget-container\">\n<p>Kako deluje?<\/p>\n<ul>\n<li>Elimini\u0161e vi\u0161ak sekreta<\/li>\n<li>Smanjuje razvoj upale<\/li>\n<li>Onemogu\u0107ava razvoj bakterijske infekcije<\/li>\n<li>Stimuli\u0161e stvaranje glutationa koji ubrzava oporavak od svih bakterijskih, virusnih i gljivi\u010dnih infekcija, otklanja umor i malaksalost, vra\u0107a snagu i vitalnost<\/li>\n<\/ul>\n<p><b>SASTAV (20 kesica po 3 g):<\/b><\/p>\n<ul>\n<li>N-acetil-L-cistein<\/li>\n<li>Promelaza (Serrazimes\u00ae)<\/li>\n<li>Vitamin C i Vitamin B2 (riboflavin)\u00a0sa fruktozom i zasla\u0111iva\u010dem<\/li>\n<\/ul>\n<\/div>\n<\/div>\n","protected":false},"excerpt":{"rendered":"<p>Ja\u010danje imuniteta i za\u0161tita respiratornog sistema (prehlada, ka\u0161alj, sinuzitis, alergija).<\/p>\n","protected":false},"featured_media":531,"comment_status":"open","ping_status":"closed","template":"","meta":{"om_disable_all_campaigns":false,"_monsterinsights_skip_tracking":false,"_monsterinsights_sitenote_active":false,"_monsterinsights_sitenote_note":"","_monsterinsights_sitenote_category":0,"_uf_show_specific_survey":0,"_uf_disable_surveys":false},"product_brand":[],"product_cat":[51,43,57],"product_tag":[],"class_list":{"0":"post-331","1":"product","2":"type-product","3":"status-publish","4":"has-post-thumbnail","6":"product_cat-antioksidansi-i-celijska-zastita","7":"product_cat-imunitet","8":"product_cat-respiratorni-sistem","10":"first","11":"outofstock","12":"shipping-taxable","13":"purchasable","14":"product-type-simple"},"aioseo_notices":[],"jetpack_sharing_enabled":true,"_links":{"self":[{"href":"https:\/\/klikdozdravlja.rs\/index.php?rest_route=\/wp\/v2\/product\/331","targetHints":{"allow":["GET"]}}],"collection":[{"href":"https:\/\/klikdozdravlja.rs\/index.php?rest_route=\/wp\/v2\/product"}],"about":[{"href":"https:\/\/klikdozdravlja.rs\/index.php?rest_route=\/wp\/v2\/types\/product"}],"replies":[{"embeddable":true,"href":"https:\/\/klikdozdravlja.rs\/index.php?rest_route=%2Fwp%2Fv2%2Fcomments&post=331"}],"version-history":[{"count":4,"href":"https:\/\/klikdozdravlja.rs\/index.php?rest_route=\/wp\/v2\/product\/331\/revisions"}],"predecessor-version":[{"id":1133,"href":"https:\/\/klikdozdravlja.rs\/index.php?rest_route=\/wp\/v2\/product\/331\/revisions\/1133"}],"wp:featuredmedia":[{"embeddable":true,"href":"https:\/\/klikdozdravlja.rs\/index.php?rest_route=\/wp\/v2\/media\/531"}],"wp:attachment":[{"href":"https:\/\/klikdozdravlja.rs\/index.php?rest_route=%2Fwp%2Fv2%2Fmedia&parent=331"}],"wp:term":[{"taxonomy":"product_brand","embeddable":true,"href":"https:\/\/klikdozdravlja.rs\/index.php?rest_route=%2Fwp%2Fv2%2Fproduct_brand&post=331"},{"taxonomy":"product_cat","embeddable":true,"href":"https:\/\/klikdozdravlja.rs\/index.php?rest_route=%2Fwp%2Fv2%2Fproduct_cat&post=331"},{"taxonomy":"product_tag","embeddable":true,"href":"https:\/\/klikdozdravlja.rs\/index.php?rest_route=%2Fwp%2Fv2%2Fproduct_tag&post=331"}],"curies":[{"name":"wp","href":"https:\/\/api.w.org\/{rel}","templated":true}]}}