{"id":346,"date":"2022-09-26T13:33:48","date_gmt":"2022-09-26T13:33:48","guid":{"rendered":"https:\/\/klikdozdravlja.rs\/?post_type=product&#038;p=346"},"modified":"2025-05-13T13:42:29","modified_gmt":"2025-05-13T13:42:29","slug":"lactibiane-cnd","status":"publish","type":"product","link":"https:\/\/klikdozdravlja.rs\/?product=lactibiane-cnd","title":{"rendered":"Lactibiane Cnd"},"content":{"rendered":"<p>Za prevenciju i podr\u0161ku u le\u010denju gljivi\u010dnih infekcija.<\/p>\n<p>Lactibiane Cnd je nova kombinacija dva pa\u017eljivo selektovana soja sa 10 milijardi korisnih bakterija mle\u010dno-kiselinskog vrenja:<\/p>\n<ul>\n<li><em>Lactobacillus gasseri <\/em>LA806<\/li>\n<li><em>Lactobacillus helveticus<\/em> LA401<em> candisis<\/em><\/li>\n<\/ul>\n<p><strong>Saveti za upotrebu<\/strong><\/p>\n<p>Mogu da koriste odrasli i deca iznad 6 godina \u2013 popiti 1-2 kapsule dnevno, pre obroka, uz veliku \u010da\u0161u vode. Preporu\u010dena je upotreba u trajanju 15-30 dana. Napomene: Preporu\u010dene dnevne doze se ne smeju prekora\u010diti. Dodaci ishrani se ne mogu koristiti kao zamena za raznovrsnu i uravnote\u017eenu ishranu.<\/p>\n<p>Proizvod ne treba da uzimaju osobe preosetljive na neki od sastojaka proizvoda. Proizvod nije namenjen deci ispod 6 godina. Kada se proizvod Lactibiane CND 10M, kapsule uzima uz oralnu antibiotsku terapiju, treba ga uzeti 2 sata posle primenjene doze antibiotika.<\/p>\n<p><strong><em>Proizvod je bez laktoze, odobren za trudnice i dojilje.<\/em><\/strong><\/p>\n","protected":false},"excerpt":{"rendered":"<p>Za prevenciju i podr\u0161ku u le\u010denju gljivi\u010dnih infekcija. Bez laktoze, odobren za trudnice i dojilje.<\/p>\n","protected":false},"featured_media":503,"comment_status":"open","ping_status":"closed","template":"","meta":{"om_disable_all_campaigns":false,"_monsterinsights_skip_tracking":false,"_monsterinsights_sitenote_active":false,"_monsterinsights_sitenote_note":"","_monsterinsights_sitenote_category":0,"_uf_show_specific_survey":0,"_uf_disable_surveys":false},"product_brand":[],"product_cat":[45],"product_tag":[112,111],"class_list":{"0":"post-346","1":"product","2":"type-product","3":"status-publish","4":"has-post-thumbnail","6":"product_cat-probiotici","7":"product_tag-gljivicne-infekcije","8":"product_tag-kandida","10":"first","11":"outofstock","12":"shipping-taxable","13":"purchasable","14":"product-type-simple"},"aioseo_notices":[],"jetpack_sharing_enabled":true,"_links":{"self":[{"href":"https:\/\/klikdozdravlja.rs\/index.php?rest_route=\/wp\/v2\/product\/346","targetHints":{"allow":["GET"]}}],"collection":[{"href":"https:\/\/klikdozdravlja.rs\/index.php?rest_route=\/wp\/v2\/product"}],"about":[{"href":"https:\/\/klikdozdravlja.rs\/index.php?rest_route=\/wp\/v2\/types\/product"}],"replies":[{"embeddable":true,"href":"https:\/\/klikdozdravlja.rs\/index.php?rest_route=%2Fwp%2Fv2%2Fcomments&post=346"}],"version-history":[{"count":5,"href":"https:\/\/klikdozdravlja.rs\/index.php?rest_route=\/wp\/v2\/product\/346\/revisions"}],"predecessor-version":[{"id":930,"href":"https:\/\/klikdozdravlja.rs\/index.php?rest_route=\/wp\/v2\/product\/346\/revisions\/930"}],"wp:featuredmedia":[{"embeddable":true,"href":"https:\/\/klikdozdravlja.rs\/index.php?rest_route=\/wp\/v2\/media\/503"}],"wp:attachment":[{"href":"https:\/\/klikdozdravlja.rs\/index.php?rest_route=%2Fwp%2Fv2%2Fmedia&parent=346"}],"wp:term":[{"taxonomy":"product_brand","embeddable":true,"href":"https:\/\/klikdozdravlja.rs\/index.php?rest_route=%2Fwp%2Fv2%2Fproduct_brand&post=346"},{"taxonomy":"product_cat","embeddable":true,"href":"https:\/\/klikdozdravlja.rs\/index.php?rest_route=%2Fwp%2Fv2%2Fproduct_cat&post=346"},{"taxonomy":"product_tag","embeddable":true,"href":"https:\/\/klikdozdravlja.rs\/index.php?rest_route=%2Fwp%2Fv2%2Fproduct_tag&post=346"}],"curies":[{"name":"wp","href":"https:\/\/api.w.org\/{rel}","templated":true}]}}