{"id":352,"date":"2022-09-26T13:36:09","date_gmt":"2022-09-26T13:36:09","guid":{"rendered":"https:\/\/klikdozdravlja.rs\/?post_type=product&#038;p=352"},"modified":"2025-05-30T11:05:30","modified_gmt":"2025-05-30T11:05:30","slug":"lactibiane-enfant-30-kesica","status":"publish","type":"product","link":"https:\/\/klikdozdravlja.rs\/?product=lactibiane-enfant-30-kesica","title":{"rendered":"Lactibiane Enfant 30 kesica"},"content":{"rendered":"<p>Lactibiane <em><strong>Enfant <\/strong><\/em>dodatak ishrani sa korisnim bakterijama za decu.<br \/>\nPoma\u017ee sazrevanju digestivnog trakta i imunolo\u0161kog sistema.<\/p>\n<p>Lactibiane <em><strong>Enfant<\/strong><\/em> se sastoji od 5 posebno odabranih sojeva u dozi od <strong>4 milijarde korisnih bakterija<\/strong> u kesici:<\/p>\n<ul>\n<li><em>Bifidobacterium longum<\/em> LA 101<\/li>\n<li><em>Lactobacillus helveticus<\/em> LA 102<\/li>\n<li><em>Lactococcus lactis<\/em> LA 103<\/li>\n<li><em>Streptococcus thermophilus<\/em> LA 104<\/li>\n<li><em>Lactobacillus rhamnosus<\/em> LA 801.<\/li>\n<\/ul>\n<p>Lactibiane <em><strong>Enfant<\/strong><\/em>\u00a0tako\u0111e sadr\u017ei <strong>vitamin D3<\/strong>, koji doprinosi normalnom rastu i razvoju kostiju kod dece.<\/p>\n<p>Sojevi korisnih bakterija u Lactibiane <em><strong>Enfant-u<\/strong><\/em>\u00a0pokazuju otpornost na \u017eeluda\u010dnu kiselinu i \u017eu\u010dne soli.\u00a0Testiranje se vr\u0161i pod razli\u010ditim uslovima.<\/p>\n<p><strong>Saveti za upotrebu<\/strong><\/p>\n<p>Jedna kesica na dan pre obroka.<\/p>\n<p>Kesicu treba rastvoriti u malo vode (ili rastvoriti u fla\u0161ici toplog mleka).<\/p>\n<p>Mo\u017ee se ponoviti po potrebi.<\/p>\n<p><strong>Napomene<\/strong><\/p>\n<p>Preporu\u010dene dnevne doze se ne smeju prekora\u010diti.<\/p>\n<p>Dodaci ishrani se ne mogu koristiti kao zamena za raznovrsnu i uravnote\u017eenu ishranu.\u00a0\u010cuvati van doma\u0161aja dece.<\/p>\n","protected":false},"excerpt":{"rendered":"<p>Sazrevanje digestivnog trakta i imunolo\u0161kog sistema kod dece.<\/p>\n","protected":false},"featured_media":492,"comment_status":"open","ping_status":"closed","template":"","meta":{"om_disable_all_campaigns":false,"_monsterinsights_skip_tracking":false,"_monsterinsights_sitenote_active":false,"_monsterinsights_sitenote_note":"","_monsterinsights_sitenote_category":0,"_uf_show_specific_survey":0,"_uf_disable_surveys":false},"product_brand":[],"product_cat":[43,47,45,50],"product_tag":[61,66,87,65],"class_list":{"0":"post-352","1":"product","2":"type-product","3":"status-publish","4":"has-post-thumbnail","6":"product_cat-imunitet","7":"product_cat-imunitet-mame-bebe-i-deca","8":"product_cat-probiotici","9":"product_cat-proizvodi-za-novorodjencad","10":"product_tag-imunitet","11":"product_tag-probiotik","12":"product_tag-zastita","13":"product_tag-zdravlje","15":"first","16":"outofstock","17":"shipping-taxable","18":"purchasable","19":"product-type-simple"},"aioseo_notices":[],"jetpack_sharing_enabled":true,"_links":{"self":[{"href":"https:\/\/klikdozdravlja.rs\/index.php?rest_route=\/wp\/v2\/product\/352","targetHints":{"allow":["GET"]}}],"collection":[{"href":"https:\/\/klikdozdravlja.rs\/index.php?rest_route=\/wp\/v2\/product"}],"about":[{"href":"https:\/\/klikdozdravlja.rs\/index.php?rest_route=\/wp\/v2\/types\/product"}],"replies":[{"embeddable":true,"href":"https:\/\/klikdozdravlja.rs\/index.php?rest_route=%2Fwp%2Fv2%2Fcomments&post=352"}],"version-history":[{"count":4,"href":"https:\/\/klikdozdravlja.rs\/index.php?rest_route=\/wp\/v2\/product\/352\/revisions"}],"predecessor-version":[{"id":926,"href":"https:\/\/klikdozdravlja.rs\/index.php?rest_route=\/wp\/v2\/product\/352\/revisions\/926"}],"wp:featuredmedia":[{"embeddable":true,"href":"https:\/\/klikdozdravlja.rs\/index.php?rest_route=\/wp\/v2\/media\/492"}],"wp:attachment":[{"href":"https:\/\/klikdozdravlja.rs\/index.php?rest_route=%2Fwp%2Fv2%2Fmedia&parent=352"}],"wp:term":[{"taxonomy":"product_brand","embeddable":true,"href":"https:\/\/klikdozdravlja.rs\/index.php?rest_route=%2Fwp%2Fv2%2Fproduct_brand&post=352"},{"taxonomy":"product_cat","embeddable":true,"href":"https:\/\/klikdozdravlja.rs\/index.php?rest_route=%2Fwp%2Fv2%2Fproduct_cat&post=352"},{"taxonomy":"product_tag","embeddable":true,"href":"https:\/\/klikdozdravlja.rs\/index.php?rest_route=%2Fwp%2Fv2%2Fproduct_tag&post=352"}],"curies":[{"name":"wp","href":"https:\/\/api.w.org\/{rel}","templated":true}]}}