{"id":367,"date":"2022-09-27T11:09:25","date_gmt":"2022-09-27T11:09:25","guid":{"rendered":"https:\/\/klikdozdravlja.rs\/?post_type=product&#038;p=367"},"modified":"2025-05-30T11:04:57","modified_gmt":"2025-05-30T11:04:57","slug":"lactichoc","status":"publish","type":"product","link":"https:\/\/klikdozdravlja.rs\/?product=lactichoc","title":{"rendered":"Lactichoc"},"content":{"rendered":"<p>Lactichoc za brz oporavak mikrobiote kod te\u017eih disbioza.<\/p>\n<p>Lactichoc, kapsule je dodatak ishrani koji u dnevnoj dozi od 2 kapsule sadr\u017ei <strong>80 milijardi i 8 razli\u010ditih sojeva korisnih bakterija mle\u010dno-kiselinskog vrenja<\/strong>:<\/p>\n<ul>\n<li><em>Bi\ufb01dobacterium lactis<\/em> LA304<\/li>\n<li><em>Bi\ufb01dobacterium bi\ufb01dum<\/em> LA803<\/li>\n<li><em>Bi\ufb01dobacterium lactis<\/em> LA804<\/li>\n<li><em>Bi\ufb01dobacterium breve<\/em> LA805<\/li>\n<li><em>Lactobacillus acidophilus <\/em>LA201<\/li>\n<li><em>Lactobacillus rhamnosus <\/em>LA801<\/li>\n<li><em>Lactobacillus gasseri <\/em>LA806<\/li>\n<li><em>Lactobacillus acidophilus <\/em>LA807<\/li>\n<\/ul>\n<p><strong>Saveti za upotrebu<\/strong><\/p>\n<p>Mogu da koriste odrasli i deca iznad 6 godina. Piti dve kapsule dnevno, najbolje ujutru na prazan stomak, tokom 10 dana.<\/p>\n<p>Proizvod ne treba da uzimaju osobe preosetljive na neki od sastojaka proizvoda. Proizvod nije namenjen deci ispod 3 godine. Kada se proizvod Lactibiane Iki, pra\u0161ak za pripremu napitka uzima uz oralnu antibiotsku terapiju, treba ga uzeti 2 sata posle primenjene doze antibiotika.<\/p>\n<p>Proizvod ne treba da uzimaju osobe preosetljive na neki od sastojaka proizvoda. Proizvod nije namenjen deci ispod 6 godina. Kada se proizvod Lactichoc, kapsule uzima uz oralnu antibiotsku terapiju, treba ga uzeti 2 sata posle primenjene doze antibiotika.<\/p>\n<p>Proizvod \u010duvati u originalnom pakovanju, za\u0161ti\u0107en od svetlosti i vlage, na temperaturi do 25\u00b0C.<\/p>\n<p><em>Proizvod je pogodan za vegetarijanski i veganski re\u017eim ishrane.<\/em><\/p>\n","protected":false},"excerpt":{"rendered":"<p>Za brz oporavak mikrobiote kod te\u017eih disbioza sa 80 milijardi korisnih bakterija.<\/p>\n","protected":false},"featured_media":516,"comment_status":"open","ping_status":"closed","template":"","meta":{"om_disable_all_campaigns":false,"_monsterinsights_skip_tracking":false,"_monsterinsights_sitenote_active":false,"_monsterinsights_sitenote_note":"","_monsterinsights_sitenote_category":0,"_uf_show_specific_survey":0,"_uf_disable_surveys":false},"product_brand":[],"product_cat":[45,49],"product_tag":[],"class_list":{"0":"post-367","1":"product","2":"type-product","3":"status-publish","4":"has-post-thumbnail","6":"product_cat-probiotici","7":"product_cat-varenje","9":"first","10":"outofstock","11":"shipping-taxable","12":"purchasable","13":"product-type-simple"},"aioseo_notices":[],"jetpack_sharing_enabled":true,"_links":{"self":[{"href":"https:\/\/klikdozdravlja.rs\/index.php?rest_route=\/wp\/v2\/product\/367","targetHints":{"allow":["GET"]}}],"collection":[{"href":"https:\/\/klikdozdravlja.rs\/index.php?rest_route=\/wp\/v2\/product"}],"about":[{"href":"https:\/\/klikdozdravlja.rs\/index.php?rest_route=\/wp\/v2\/types\/product"}],"replies":[{"embeddable":true,"href":"https:\/\/klikdozdravlja.rs\/index.php?rest_route=%2Fwp%2Fv2%2Fcomments&post=367"}],"version-history":[{"count":3,"href":"https:\/\/klikdozdravlja.rs\/index.php?rest_route=\/wp\/v2\/product\/367\/revisions"}],"predecessor-version":[{"id":905,"href":"https:\/\/klikdozdravlja.rs\/index.php?rest_route=\/wp\/v2\/product\/367\/revisions\/905"}],"wp:featuredmedia":[{"embeddable":true,"href":"https:\/\/klikdozdravlja.rs\/index.php?rest_route=\/wp\/v2\/media\/516"}],"wp:attachment":[{"href":"https:\/\/klikdozdravlja.rs\/index.php?rest_route=%2Fwp%2Fv2%2Fmedia&parent=367"}],"wp:term":[{"taxonomy":"product_brand","embeddable":true,"href":"https:\/\/klikdozdravlja.rs\/index.php?rest_route=%2Fwp%2Fv2%2Fproduct_brand&post=367"},{"taxonomy":"product_cat","embeddable":true,"href":"https:\/\/klikdozdravlja.rs\/index.php?rest_route=%2Fwp%2Fv2%2Fproduct_cat&post=367"},{"taxonomy":"product_tag","embeddable":true,"href":"https:\/\/klikdozdravlja.rs\/index.php?rest_route=%2Fwp%2Fv2%2Fproduct_tag&post=367"}],"curies":[{"name":"wp","href":"https:\/\/api.w.org\/{rel}","templated":true}]}}