{"id":379,"date":"2022-09-27T11:16:50","date_gmt":"2022-09-27T11:16:50","guid":{"rendered":"https:\/\/klikdozdravlja.rs\/?post_type=product&#038;p=379"},"modified":"2025-05-30T10:59:26","modified_gmt":"2025-05-30T10:59:26","slug":"lactibiane-voyage","status":"publish","type":"product","link":"https:\/\/klikdozdravlja.rs\/?product=lactibiane-voyage","title":{"rendered":"Lactibiane Voyage"},"content":{"rendered":"<p>Lactibiane Voyage, kapsule slu\u017ee za prevenciju putni\u010dke dijareje.<\/p>\n<p>Ovo je dodatak ishrani koji sadr\u017ei <strong>20 milijardi<\/strong> liofilizovanih bakterija mle\u010dno-kiselinskog vrenja:<\/p>\n<ul>\n<li><em>Lactobacillus acidophilus<\/em> LA 201<\/li>\n<li><em>Lactobacillus plantarum<\/em> LA 301<\/li>\n<li><em>Lactobacillus casei<\/em> LA 205<\/li>\n<\/ul>\n<p>Proizvod je pogodan za upotrebu tokom putovanja, jer je stabilan do 30 dana na temperaturi do +40\u00b0C.<\/p>\n<p><strong>Saveti za upotrebu<\/strong><\/p>\n<p>Mogu da koriste odrasli i deca iznad 6 godina. Popiti jednom dnevno po jednu kapsulu uz punu \u010da\u0161u vode pre obroka. Piti u periodu dok traje putovanje.<\/p>\n<p>Preporu\u010dene dnevne doze se ne smeju prekora\u010diti. Dodaci ishrani se ne mogu koristiti kao zamena za raznovrsnu i uravnote\u017eenu ishranu. \u010cuvati van doma\u0161aja dece.<\/p>\n<p>Proizvod ne treba da uzimaju osobe preosetljive na neki od sastojaka proizvoda. Proizvod nije namenjen deci ispod 6 godina. Kada se proizvod Lactibiane Voyage, kapsule uzima uz oralnu antibiotsku terapiju, treba ga uzeti 2 sata posle primenjene doze antibiotika.<\/p>\n<p><em>Proizvod je pogodan za vegetarijanski i veganski re\u017eim ishrane.<\/em><\/p>\n","protected":false},"excerpt":{"rendered":"<p>Dodatak ishrani namenjen za prevenciju putni\u010dke dijareje. Stabilan na +40\u00b0C.<\/p>\n","protected":false},"featured_media":515,"comment_status":"open","ping_status":"closed","template":"","meta":{"om_disable_all_campaigns":false,"_monsterinsights_skip_tracking":false,"_monsterinsights_sitenote_active":false,"_monsterinsights_sitenote_note":"","_monsterinsights_sitenote_category":0,"_uf_show_specific_survey":0,"_uf_disable_surveys":false},"product_brand":[],"product_cat":[45],"product_tag":[101,87,65],"class_list":{"0":"post-379","1":"product","2":"type-product","3":"status-publish","4":"has-post-thumbnail","6":"product_cat-probiotici","7":"product_tag-putnicka-dijareja","8":"product_tag-zastita","9":"product_tag-zdravlje","11":"first","12":"outofstock","13":"shipping-taxable","14":"purchasable","15":"product-type-simple"},"aioseo_notices":[],"jetpack_sharing_enabled":true,"_links":{"self":[{"href":"https:\/\/klikdozdravlja.rs\/index.php?rest_route=\/wp\/v2\/product\/379","targetHints":{"allow":["GET"]}}],"collection":[{"href":"https:\/\/klikdozdravlja.rs\/index.php?rest_route=\/wp\/v2\/product"}],"about":[{"href":"https:\/\/klikdozdravlja.rs\/index.php?rest_route=\/wp\/v2\/types\/product"}],"replies":[{"embeddable":true,"href":"https:\/\/klikdozdravlja.rs\/index.php?rest_route=%2Fwp%2Fv2%2Fcomments&post=379"}],"version-history":[{"count":6,"href":"https:\/\/klikdozdravlja.rs\/index.php?rest_route=\/wp\/v2\/product\/379\/revisions"}],"predecessor-version":[{"id":902,"href":"https:\/\/klikdozdravlja.rs\/index.php?rest_route=\/wp\/v2\/product\/379\/revisions\/902"}],"wp:featuredmedia":[{"embeddable":true,"href":"https:\/\/klikdozdravlja.rs\/index.php?rest_route=\/wp\/v2\/media\/515"}],"wp:attachment":[{"href":"https:\/\/klikdozdravlja.rs\/index.php?rest_route=%2Fwp%2Fv2%2Fmedia&parent=379"}],"wp:term":[{"taxonomy":"product_brand","embeddable":true,"href":"https:\/\/klikdozdravlja.rs\/index.php?rest_route=%2Fwp%2Fv2%2Fproduct_brand&post=379"},{"taxonomy":"product_cat","embeddable":true,"href":"https:\/\/klikdozdravlja.rs\/index.php?rest_route=%2Fwp%2Fv2%2Fproduct_cat&post=379"},{"taxonomy":"product_tag","embeddable":true,"href":"https:\/\/klikdozdravlja.rs\/index.php?rest_route=%2Fwp%2Fv2%2Fproduct_tag&post=379"}],"curies":[{"name":"wp","href":"https:\/\/api.w.org\/{rel}","templated":true}]}}