{"id":412,"date":"2022-09-28T08:27:48","date_gmt":"2022-09-28T08:27:48","guid":{"rendered":"https:\/\/klikdozdravlja.rs\/?post_type=product&#038;p=412"},"modified":"2025-05-30T11:02:34","modified_gmt":"2025-05-30T11:02:34","slug":"formag-mg-za-decu","status":"publish","type":"product","link":"https:\/\/klikdozdravlja.rs\/?product=formag-mg-za-decu","title":{"rendered":"Formag Mg direkt za decu"},"content":{"rendered":"<p>Samo <strong>30% do 50%<\/strong> magnezijuma koji se dnevno<br \/>\nunosi kroz na\u0161u ishranu se zapravo apsorbuje,<br \/>\nuglavnom u tankom crevu a u malom delu i u debelom crevu.<\/p>\n<p>Zbog toga je kompanija Pileje naravila inovativnu<br \/>\nformulaciju Hipro-ri\u00aemag da bi <b>pove\u0107ala iskoristivost magnezijuma iz Formag-a.<\/b><\/p>\n<p><strong>Hipro-ri\u00aemag<\/strong> je kombinacija 2 sastojka: magnezijum oksida poreklom iz mora i hidrolizata<br \/>\nproteina pirin\u010da. Zajedno \u010dine Hipro-ri\u00aemag jedinstvenom kombinacijom za pobolj\u0161anje unosa<br \/>\nmagnezijuma.<\/p>\n<p><strong>Savet za upotrebu<\/strong><\/p>\n<ul>\n<li>1 kesica dnevno<\/li>\n<li>Sadr\u017eaj kesice sipati direktno u usta ili rastvoriti u \u010da\u0161i vode, vo\u0107nog soka ili kompota. Dobro prome\u0161ati pre upotrebe.<\/li>\n<\/ul>\n<p>&nbsp;<\/p>\n","protected":false},"excerpt":{"rendered":"<p>100% prirodni morski magnezijum sa taurinom, vitaminom B6 i vitaminom D3 i Hipro-ri\u00aemag formulacijom.<\/p>\n","protected":false},"featured_media":495,"comment_status":"open","ping_status":"closed","template":"","meta":{"om_disable_all_campaigns":false,"_monsterinsights_skip_tracking":false,"_monsterinsights_sitenote_active":false,"_monsterinsights_sitenote_note":"","_monsterinsights_sitenote_category":0,"_uf_show_specific_survey":0,"_uf_disable_surveys":false},"product_brand":[],"product_cat":[43,44],"product_tag":[61,62,78,77,65],"class_list":{"0":"post-412","1":"product","2":"type-product","3":"status-publish","4":"has-post-thumbnail","6":"product_cat-imunitet","7":"product_cat-vitamini","8":"product_tag-imunitet","9":"product_tag-jacanje-imuniteta","10":"product_tag-minerali","11":"product_tag-vitamini","12":"product_tag-zdravlje","14":"first","15":"outofstock","16":"shipping-taxable","17":"purchasable","18":"product-type-simple"},"aioseo_notices":[],"jetpack_sharing_enabled":true,"_links":{"self":[{"href":"https:\/\/klikdozdravlja.rs\/index.php?rest_route=\/wp\/v2\/product\/412","targetHints":{"allow":["GET"]}}],"collection":[{"href":"https:\/\/klikdozdravlja.rs\/index.php?rest_route=\/wp\/v2\/product"}],"about":[{"href":"https:\/\/klikdozdravlja.rs\/index.php?rest_route=\/wp\/v2\/types\/product"}],"replies":[{"embeddable":true,"href":"https:\/\/klikdozdravlja.rs\/index.php?rest_route=%2Fwp%2Fv2%2Fcomments&post=412"}],"version-history":[{"count":9,"href":"https:\/\/klikdozdravlja.rs\/index.php?rest_route=\/wp\/v2\/product\/412\/revisions"}],"predecessor-version":[{"id":1018,"href":"https:\/\/klikdozdravlja.rs\/index.php?rest_route=\/wp\/v2\/product\/412\/revisions\/1018"}],"wp:featuredmedia":[{"embeddable":true,"href":"https:\/\/klikdozdravlja.rs\/index.php?rest_route=\/wp\/v2\/media\/495"}],"wp:attachment":[{"href":"https:\/\/klikdozdravlja.rs\/index.php?rest_route=%2Fwp%2Fv2%2Fmedia&parent=412"}],"wp:term":[{"taxonomy":"product_brand","embeddable":true,"href":"https:\/\/klikdozdravlja.rs\/index.php?rest_route=%2Fwp%2Fv2%2Fproduct_brand&post=412"},{"taxonomy":"product_cat","embeddable":true,"href":"https:\/\/klikdozdravlja.rs\/index.php?rest_route=%2Fwp%2Fv2%2Fproduct_cat&post=412"},{"taxonomy":"product_tag","embeddable":true,"href":"https:\/\/klikdozdravlja.rs\/index.php?rest_route=%2Fwp%2Fv2%2Fproduct_tag&post=412"}],"curies":[{"name":"wp","href":"https:\/\/api.w.org\/{rel}","templated":true}]}}