{"id":414,"date":"2022-09-28T08:30:02","date_gmt":"2022-09-28T08:30:02","guid":{"rendered":"https:\/\/klikdozdravlja.rs\/?post_type=product&#038;p=414"},"modified":"2025-05-30T09:55:31","modified_gmt":"2025-05-30T09:55:31","slug":"azeol","status":"publish","type":"product","link":"https:\/\/klikdozdravlja.rs\/?product=azeol","title":{"rendered":"Azeol"},"content":{"rendered":"<p>\u017dalfija i zova doprinose zdravlju gornjeg respiratornog trakta. Cink doprinosi normalnoj funkciji imunskog sistema.<\/p>\n<p><strong>Upotreba i doziranje<\/strong><\/p>\n<p>Odrasli i deca iznad 12 godina: 4 puta dnevno postepeno rastopiti u ustima bez \u017evakanja \u00a0po jednu pastilu.<\/p>\n<p><strong>Sastav<\/strong><\/p>\n<p>Ekstrakt lista \u017ealfije, ekstrakt cveta zove, etarsko ulje nane, sorbitol (sredstvo za pove\u0107anje zapremine), ksilitol (zasla\u0111iva\u010d), magnezijum-stearat (sredstvo protiv zgrudvavanja), cink-glukonat, prirodna aroma mentola, prirodna aroma peperminta.<\/p>\n<p><strong>Deklaracija<\/strong><\/p>\n","protected":false},"excerpt":{"rendered":"<p>Pastile za grlo sa prirodnim ekstraktima zove i \u017ealfije, etarskim uljem nane i cinkom.<\/p>\n","protected":false},"featured_media":488,"comment_status":"open","ping_status":"closed","template":"","meta":{"om_disable_all_campaigns":false,"_monsterinsights_skip_tracking":false,"_monsterinsights_sitenote_active":false,"_monsterinsights_sitenote_note":"","_monsterinsights_sitenote_category":0,"_uf_show_specific_survey":0,"_uf_disable_surveys":false},"product_brand":[],"product_cat":[43,57],"product_tag":[106,69,67],"class_list":{"0":"post-414","1":"product","2":"type-product","3":"status-publish","4":"has-post-thumbnail","6":"product_cat-imunitet","7":"product_cat-respiratorni-sistem","8":"product_tag-bol-u-grlu","9":"product_tag-grip","10":"product_tag-prehlada","12":"first","13":"outofstock","14":"shipping-taxable","15":"purchasable","16":"product-type-simple"},"aioseo_notices":[],"jetpack_sharing_enabled":true,"_links":{"self":[{"href":"https:\/\/klikdozdravlja.rs\/index.php?rest_route=\/wp\/v2\/product\/414","targetHints":{"allow":["GET"]}}],"collection":[{"href":"https:\/\/klikdozdravlja.rs\/index.php?rest_route=\/wp\/v2\/product"}],"about":[{"href":"https:\/\/klikdozdravlja.rs\/index.php?rest_route=\/wp\/v2\/types\/product"}],"replies":[{"embeddable":true,"href":"https:\/\/klikdozdravlja.rs\/index.php?rest_route=%2Fwp%2Fv2%2Fcomments&post=414"}],"version-history":[{"count":5,"href":"https:\/\/klikdozdravlja.rs\/index.php?rest_route=\/wp\/v2\/product\/414\/revisions"}],"predecessor-version":[{"id":789,"href":"https:\/\/klikdozdravlja.rs\/index.php?rest_route=\/wp\/v2\/product\/414\/revisions\/789"}],"wp:featuredmedia":[{"embeddable":true,"href":"https:\/\/klikdozdravlja.rs\/index.php?rest_route=\/wp\/v2\/media\/488"}],"wp:attachment":[{"href":"https:\/\/klikdozdravlja.rs\/index.php?rest_route=%2Fwp%2Fv2%2Fmedia&parent=414"}],"wp:term":[{"taxonomy":"product_brand","embeddable":true,"href":"https:\/\/klikdozdravlja.rs\/index.php?rest_route=%2Fwp%2Fv2%2Fproduct_brand&post=414"},{"taxonomy":"product_cat","embeddable":true,"href":"https:\/\/klikdozdravlja.rs\/index.php?rest_route=%2Fwp%2Fv2%2Fproduct_cat&post=414"},{"taxonomy":"product_tag","embeddable":true,"href":"https:\/\/klikdozdravlja.rs\/index.php?rest_route=%2Fwp%2Fv2%2Fproduct_tag&post=414"}],"curies":[{"name":"wp","href":"https:\/\/api.w.org\/{rel}","templated":true}]}}