{"id":447,"date":"2022-09-28T08:45:11","date_gmt":"2022-09-28T08:45:11","guid":{"rendered":"https:\/\/klikdozdravlja.rs\/?post_type=product&#038;p=447"},"modified":"2025-01-13T09:07:57","modified_gmt":"2025-01-13T09:07:57","slug":"oxybiane-cell-protect","status":"publish","type":"product","link":"https:\/\/klikdozdravlja.rs\/?product=oxybiane-cell-protect","title":{"rendered":"Oxybiane Cell Protect"},"content":{"rendered":"<p>Dodatak ishrani koji sadr\u017ei vitamine i minerale, likopen, polifenole gro\u017e\u0111a i Porphiral HSP\u00ae, sastojak dobijen od jestivih morskih algi patentiran od strane PiLeJe-a.<\/p>\n<p>Preporu\u010duje se svima koji ne unose dovoljno vo\u0107a i povr\u0107a, koji\u00a0pu\u0161e i izlo\u017eeni su UV zra\u010denju i zaga\u0111iva\u010dima, osobama koje\u00a0uzimaju odre\u0111ene lekove, kao i onima koji ispoljavaju znake\u00a0preranog \u0107elijskog starenja.<\/p>\n<p><strong>Saveti za upotrebu<\/strong><\/p>\n<p>Uzmite 1 kapsulu dnevno tokom 2 meseca, ponovite po potrebi. Progutajte sa \u010da\u0161om vode.\u00a0Idealno bi trebalo uzeti tokom obroka.<\/p>\n<p>\u010cuvati na hladnom i suvom mestu.<\/p>\n<p><strong><em>Ne preporu\u010duje se trudnicama ili \u017eenama koje doje,\u00a0kao ni deci mla\u0111oj od 12 godina.<\/em><\/strong><\/p>\n","protected":false},"excerpt":{"rendered":"<p>Za one\u00a0koji ne unose dovoljno vo\u0107a i povr\u0107a, koji\u00a0pu\u0161e i izlo\u017eeni su UV zra\u010denju i zaga\u0111iva\u010dima.<\/p>\n","protected":false},"featured_media":522,"comment_status":"open","ping_status":"closed","template":"","meta":{"om_disable_all_campaigns":false,"_monsterinsights_skip_tracking":false,"_monsterinsights_sitenote_active":false,"_monsterinsights_sitenote_note":"","_monsterinsights_sitenote_category":0,"_uf_show_specific_survey":0,"_uf_disable_surveys":false},"product_brand":[],"product_cat":[51,44],"product_tag":[],"class_list":{"0":"post-447","1":"product","2":"type-product","3":"status-publish","4":"has-post-thumbnail","6":"product_cat-antioksidansi-i-celijska-zastita","7":"product_cat-vitamini","9":"first","10":"outofstock","11":"shipping-taxable","12":"purchasable","13":"product-type-simple"},"aioseo_notices":[],"jetpack_sharing_enabled":true,"_links":{"self":[{"href":"https:\/\/klikdozdravlja.rs\/index.php?rest_route=\/wp\/v2\/product\/447","targetHints":{"allow":["GET"]}}],"collection":[{"href":"https:\/\/klikdozdravlja.rs\/index.php?rest_route=\/wp\/v2\/product"}],"about":[{"href":"https:\/\/klikdozdravlja.rs\/index.php?rest_route=\/wp\/v2\/types\/product"}],"replies":[{"embeddable":true,"href":"https:\/\/klikdozdravlja.rs\/index.php?rest_route=%2Fwp%2Fv2%2Fcomments&post=447"}],"version-history":[{"count":3,"href":"https:\/\/klikdozdravlja.rs\/index.php?rest_route=\/wp\/v2\/product\/447\/revisions"}],"predecessor-version":[{"id":909,"href":"https:\/\/klikdozdravlja.rs\/index.php?rest_route=\/wp\/v2\/product\/447\/revisions\/909"}],"wp:featuredmedia":[{"embeddable":true,"href":"https:\/\/klikdozdravlja.rs\/index.php?rest_route=\/wp\/v2\/media\/522"}],"wp:attachment":[{"href":"https:\/\/klikdozdravlja.rs\/index.php?rest_route=%2Fwp%2Fv2%2Fmedia&parent=447"}],"wp:term":[{"taxonomy":"product_brand","embeddable":true,"href":"https:\/\/klikdozdravlja.rs\/index.php?rest_route=%2Fwp%2Fv2%2Fproduct_brand&post=447"},{"taxonomy":"product_cat","embeddable":true,"href":"https:\/\/klikdozdravlja.rs\/index.php?rest_route=%2Fwp%2Fv2%2Fproduct_cat&post=447"},{"taxonomy":"product_tag","embeddable":true,"href":"https:\/\/klikdozdravlja.rs\/index.php?rest_route=%2Fwp%2Fv2%2Fproduct_tag&post=447"}],"curies":[{"name":"wp","href":"https:\/\/api.w.org\/{rel}","templated":true}]}}