{"id":450,"date":"2022-09-28T08:46:15","date_gmt":"2022-09-28T08:46:15","guid":{"rendered":"https:\/\/klikdozdravlja.rs\/?post_type=product&#038;p=450"},"modified":"2025-05-30T09:52:22","modified_gmt":"2025-05-30T09:52:22","slug":"proteochoc","status":"publish","type":"product","link":"https:\/\/klikdozdravlja.rs\/?product=proteochoc","title":{"rendered":"Proteochoc"},"content":{"rendered":"<p><strong>Preporu\u010duje se:<\/strong><\/p>\n<ul>\n<li>u stanjima fizi\u010dkog stresa: opekotine, udarci, uganu\u0107a, i\u0161\u010da\u0161enja<\/li>\n<li>u periodima oporavka nakon bolesti<\/li>\n<li>pred operaciju i nakon operacije za pove\u0107anu uspe\u0161nost<br \/>\ni brzinu oporavka<\/li>\n<\/ul>\n<p>Proteochoc sadr\u017ei<\/p>\n<p>\u2022 Porphyral HSP\u00ae<br \/>\n(PiLeJe patentiran sastojak)<br \/>\n\u2022 Bora\u017eino ulje (Borago officinalis)<\/p>\n<p>Proteochoc je dodatak ishrani sa ekstratom crvenih algi\u00a0(Porphyral HSP\u00ae) i bora\u017eino ulje (izvor GLA, Gama-linolenska<br \/>\nkiselina).<\/p>\n<p><strong>Heat shock proteini (HSP\u00ae)<\/strong> su prirodan mehanizam\u00a0samoodbrane \u0107elija koji spre\u010dava smrt \u0107elije izazvanu\u00a0razli\u010ditim uzrocima.<\/p>\n<p><strong>Savet za upotrebu<\/strong><\/p>\n<p>1 do 4 kapsule dnevno.<\/p>\n","protected":false},"excerpt":{"rendered":"<p>Koristan u stanjima fizi\u010dkog stresa, oporavka nakon bolesti, pred i nakon operacije.<\/p>\n","protected":false},"featured_media":525,"comment_status":"open","ping_status":"closed","template":"","meta":{"om_disable_all_campaigns":false,"_monsterinsights_skip_tracking":false,"_monsterinsights_sitenote_active":false,"_monsterinsights_sitenote_note":"","_monsterinsights_sitenote_category":0,"_uf_show_specific_survey":0,"_uf_disable_surveys":false},"product_brand":[],"product_cat":[51],"product_tag":[102,103,87,65],"class_list":{"0":"post-450","1":"product","2":"type-product","3":"status-publish","4":"has-post-thumbnail","6":"product_cat-antioksidansi-i-celijska-zastita","7":"product_tag-fizicki-stres","8":"product_tag-oporavak","9":"product_tag-zastita","10":"product_tag-zdravlje","12":"first","13":"outofstock","14":"shipping-taxable","15":"purchasable","16":"product-type-simple"},"aioseo_notices":[],"jetpack_sharing_enabled":true,"_links":{"self":[{"href":"https:\/\/klikdozdravlja.rs\/index.php?rest_route=\/wp\/v2\/product\/450","targetHints":{"allow":["GET"]}}],"collection":[{"href":"https:\/\/klikdozdravlja.rs\/index.php?rest_route=\/wp\/v2\/product"}],"about":[{"href":"https:\/\/klikdozdravlja.rs\/index.php?rest_route=\/wp\/v2\/types\/product"}],"replies":[{"embeddable":true,"href":"https:\/\/klikdozdravlja.rs\/index.php?rest_route=%2Fwp%2Fv2%2Fcomments&post=450"}],"version-history":[{"count":3,"href":"https:\/\/klikdozdravlja.rs\/index.php?rest_route=\/wp\/v2\/product\/450\/revisions"}],"predecessor-version":[{"id":911,"href":"https:\/\/klikdozdravlja.rs\/index.php?rest_route=\/wp\/v2\/product\/450\/revisions\/911"}],"wp:featuredmedia":[{"embeddable":true,"href":"https:\/\/klikdozdravlja.rs\/index.php?rest_route=\/wp\/v2\/media\/525"}],"wp:attachment":[{"href":"https:\/\/klikdozdravlja.rs\/index.php?rest_route=%2Fwp%2Fv2%2Fmedia&parent=450"}],"wp:term":[{"taxonomy":"product_brand","embeddable":true,"href":"https:\/\/klikdozdravlja.rs\/index.php?rest_route=%2Fwp%2Fv2%2Fproduct_brand&post=450"},{"taxonomy":"product_cat","embeddable":true,"href":"https:\/\/klikdozdravlja.rs\/index.php?rest_route=%2Fwp%2Fv2%2Fproduct_cat&post=450"},{"taxonomy":"product_tag","embeddable":true,"href":"https:\/\/klikdozdravlja.rs\/index.php?rest_route=%2Fwp%2Fv2%2Fproduct_tag&post=450"}],"curies":[{"name":"wp","href":"https:\/\/api.w.org\/{rel}","templated":true}]}}