{"id":453,"date":"2022-09-28T08:48:00","date_gmt":"2022-09-28T08:48:00","guid":{"rendered":"https:\/\/klikdozdravlja.rs\/?post_type=product&#038;p=453"},"modified":"2025-05-30T09:52:14","modified_gmt":"2025-05-30T09:52:14","slug":"cypres-astragale","status":"publish","type":"product","link":"https:\/\/klikdozdravlja.rs\/?product=cypres-astragale","title":{"rendered":"Phytostandard Cypres Astragale"},"content":{"rendered":"<p><strong>Phytostandard\u00ae Cypres Astragale<\/strong> je dodatak ishrani zasnovan na <strong>Phytostandard\u00ae<\/strong> ekstraktima \u010dempresa i astragala i namenjen je ugro\u017eenim odraslim osobama i starijima od 65 godina.<\/p>\n<ul>\n<li><strong>Astragalus<\/strong> podr\u017eava odbrambene funkcije imunskog sistema.<\/li>\n<li><strong>\u010cempres<\/strong> doprinosi borbi protiv virusa direktnom antivirusnom aktivno\u0161\u0107u.<\/li>\n<\/ul>\n<div class=\"elementor-element elementor-element-228f157 elementor-widget elementor-widget-heading\" data-id=\"228f157\" data-element_type=\"widget\" data-widget_type=\"heading.default\">\n<div class=\"elementor-widget-container\">\n<p class=\"elementor-heading-title elementor-size-default\"><span style=\"color: #333333;\"><strong>Uputstvo za upotrebu<\/strong><\/span><\/p>\n<\/div>\n<\/div>\n<div class=\"elementor-widget-container\">\n<p><b>Za prevenciju:<\/b><\/p>\n<p>2 tablete na dan tokom 1 meseca,\u00a0ponoviti po potrebi.<\/p>\n<p><strong>Sa pojavom prvih simptoma prehlade:<\/strong><\/p>\n<p>2 tablete,\u00a03 puta na dan tokom 5 dana.<\/p>\n<p>Popiti sa velikom \u010da\u0161om vode<\/p>\n<\/div>\n<div class=\"elementor-widget-container\">\n<p class=\"elementor-heading-title elementor-size-default\"><strong>Preventivne mere:<\/strong><\/p>\n<\/div>\n<div class=\"elementor-element elementor-element-c0cd929 elementor-widget elementor-widget-text-editor\" data-id=\"c0cd929\" data-element_type=\"widget\" data-widget_type=\"text-editor.default\">\n<div class=\"elementor-widget-container\">Ne preporu\u010duje se trudnicama, dojiljama i\u00a0deci. Ne preporu\u010duje se \u017eenama sa li\u010dnom\u00a0ili porodi\u010dnom istorijom raka dojke.<\/div>\n<\/div>\n<div><\/div>\n<div><\/div>\n","protected":false},"excerpt":{"rendered":"<p>Dodatak ishrani namenjen starijima od 65 godina u borbi protiv virusa i odr\u017eavanju imuniteta.<\/p>\n","protected":false},"featured_media":530,"comment_status":"open","ping_status":"closed","template":"","meta":{"om_disable_all_campaigns":false,"_monsterinsights_skip_tracking":false,"_monsterinsights_sitenote_active":false,"_monsterinsights_sitenote_note":"","_monsterinsights_sitenote_category":0,"_uf_show_specific_survey":0,"_uf_disable_surveys":false},"product_brand":[],"product_cat":[43,57],"product_tag":[69,61,62,67,68,65],"class_list":{"0":"post-453","1":"product","2":"type-product","3":"status-publish","4":"has-post-thumbnail","6":"product_cat-imunitet","7":"product_cat-respiratorni-sistem","8":"product_tag-grip","9":"product_tag-imunitet","10":"product_tag-jacanje-imuniteta","11":"product_tag-prehlada","12":"product_tag-virus","13":"product_tag-zdravlje","15":"first","16":"outofstock","17":"shipping-taxable","18":"purchasable","19":"product-type-simple"},"aioseo_notices":[],"jetpack_sharing_enabled":true,"_links":{"self":[{"href":"https:\/\/klikdozdravlja.rs\/index.php?rest_route=\/wp\/v2\/product\/453","targetHints":{"allow":["GET"]}}],"collection":[{"href":"https:\/\/klikdozdravlja.rs\/index.php?rest_route=\/wp\/v2\/product"}],"about":[{"href":"https:\/\/klikdozdravlja.rs\/index.php?rest_route=\/wp\/v2\/types\/product"}],"replies":[{"embeddable":true,"href":"https:\/\/klikdozdravlja.rs\/index.php?rest_route=%2Fwp%2Fv2%2Fcomments&post=453"}],"version-history":[{"count":8,"href":"https:\/\/klikdozdravlja.rs\/index.php?rest_route=\/wp\/v2\/product\/453\/revisions"}],"predecessor-version":[{"id":951,"href":"https:\/\/klikdozdravlja.rs\/index.php?rest_route=\/wp\/v2\/product\/453\/revisions\/951"}],"wp:featuredmedia":[{"embeddable":true,"href":"https:\/\/klikdozdravlja.rs\/index.php?rest_route=\/wp\/v2\/media\/530"}],"wp:attachment":[{"href":"https:\/\/klikdozdravlja.rs\/index.php?rest_route=%2Fwp%2Fv2%2Fmedia&parent=453"}],"wp:term":[{"taxonomy":"product_brand","embeddable":true,"href":"https:\/\/klikdozdravlja.rs\/index.php?rest_route=%2Fwp%2Fv2%2Fproduct_brand&post=453"},{"taxonomy":"product_cat","embeddable":true,"href":"https:\/\/klikdozdravlja.rs\/index.php?rest_route=%2Fwp%2Fv2%2Fproduct_cat&post=453"},{"taxonomy":"product_tag","embeddable":true,"href":"https:\/\/klikdozdravlja.rs\/index.php?rest_route=%2Fwp%2Fv2%2Fproduct_tag&post=453"}],"curies":[{"name":"wp","href":"https:\/\/api.w.org\/{rel}","templated":true}]}}