{"id":459,"date":"2022-09-28T08:51:54","date_gmt":"2022-09-28T08:51:54","guid":{"rendered":"https:\/\/klikdozdravlja.rs\/?post_type=product&#038;p=459"},"modified":"2025-03-05T08:36:12","modified_gmt":"2025-03-05T08:36:12","slug":"phytostandard-eschscholtzia-valeriane","status":"publish","type":"product","link":"https:\/\/klikdozdravlja.rs\/?product=phytostandard-eschscholtzia-valeriane","title":{"rendered":"Phytostandard Eschscholtzia Valeriane"},"content":{"rendered":"<div class=\"card\">\n<div id=\"characteristic-1\" class=\"collapse show\" aria-labelledby=\"heading-1\" data-parent=\"#accordion\">\n<div class=\"card-body\" style=\"text-align: left;\">Proizvod je dodatak ishrani sa kombinacijom ekstrakta herbe kalifornijskog maka (Eschscholtzia) i korena valerijane. Dobijaju se patentiranim <strong>Phytostandard\u00ae<\/strong> procesom koji je pa\u017eljivo razvijen da bi se o\u010duvali uro\u0111eni kvaliteti biljnih jedinjenja. Kalifornijski mak (Eschscholtzia californica) doprinosi mentalnom zdravlju i relaksaciji. Valerijana poma\u017ee odr\u017eavanju prirodnog ritma spavanja, poma\u017ee uspavljivanje i doprinosi normalizaciji spavanja.<\/div>\n<\/div>\n<\/div>\n<div><\/div>\n<div><strong>Upotreba i doziranje<\/strong><\/div>\n<div>2-4 tablete dnevno, pre spavanja sa velikom \u010da\u0161om vode.<\/div>\n<div><\/div>\n<div><strong>Sastav<\/strong><\/div>\n<div>Phytostandard suvi ekstrakt herbe kalifornijskog maka (Eschscholtzia californica, 0,3-0,7: 1, 15% etanol, V\/V) 20-23%; i suvi ekstraktkorena valerijane (Valeriana officinalis, 0,3-0,6: 1, 15% etanol, V\/V) 8-10%<\/div>\n<div><\/div>\n<div><strong>Mere opreza i napomene<\/strong><\/div>\n<div>Ne preporu\u010duje se trudnicama i dojiljama i deci mla\u0111oj od 12 godina.<br \/>\nPrekomerna konzumacija mo\u017ee imati laksativni efekat.<\/div>\n<div><\/div>\n","protected":false},"excerpt":{"rendered":"<p>Namenjen nepetim, razdra\u017eljivim i osobama koje imaju problema sa spavanjem.<\/p>\n","protected":false},"featured_media":523,"comment_status":"open","ping_status":"closed","template":"","meta":{"om_disable_all_campaigns":false,"_monsterinsights_skip_tracking":false,"_monsterinsights_sitenote_active":false,"_monsterinsights_sitenote_note":"","_monsterinsights_sitenote_category":0,"_uf_show_specific_survey":0,"_uf_disable_surveys":false},"product_brand":[],"product_cat":[56],"product_tag":[74,73,72,65],"class_list":{"0":"post-459","1":"product","2":"type-product","3":"status-publish","4":"has-post-thumbnail","6":"product_cat-dobro-raspolozenje","7":"product_tag-napetost","8":"product_tag-razdrazljivost","9":"product_tag-spavanje","10":"product_tag-zdravlje","12":"first","13":"outofstock","14":"shipping-taxable","15":"purchasable","16":"product-type-simple"},"aioseo_notices":[],"jetpack_sharing_enabled":true,"_links":{"self":[{"href":"https:\/\/klikdozdravlja.rs\/index.php?rest_route=\/wp\/v2\/product\/459","targetHints":{"allow":["GET"]}}],"collection":[{"href":"https:\/\/klikdozdravlja.rs\/index.php?rest_route=\/wp\/v2\/product"}],"about":[{"href":"https:\/\/klikdozdravlja.rs\/index.php?rest_route=\/wp\/v2\/types\/product"}],"replies":[{"embeddable":true,"href":"https:\/\/klikdozdravlja.rs\/index.php?rest_route=%2Fwp%2Fv2%2Fcomments&post=459"}],"version-history":[{"count":10,"href":"https:\/\/klikdozdravlja.rs\/index.php?rest_route=\/wp\/v2\/product\/459\/revisions"}],"predecessor-version":[{"id":953,"href":"https:\/\/klikdozdravlja.rs\/index.php?rest_route=\/wp\/v2\/product\/459\/revisions\/953"}],"wp:featuredmedia":[{"embeddable":true,"href":"https:\/\/klikdozdravlja.rs\/index.php?rest_route=\/wp\/v2\/media\/523"}],"wp:attachment":[{"href":"https:\/\/klikdozdravlja.rs\/index.php?rest_route=%2Fwp%2Fv2%2Fmedia&parent=459"}],"wp:term":[{"taxonomy":"product_brand","embeddable":true,"href":"https:\/\/klikdozdravlja.rs\/index.php?rest_route=%2Fwp%2Fv2%2Fproduct_brand&post=459"},{"taxonomy":"product_cat","embeddable":true,"href":"https:\/\/klikdozdravlja.rs\/index.php?rest_route=%2Fwp%2Fv2%2Fproduct_cat&post=459"},{"taxonomy":"product_tag","embeddable":true,"href":"https:\/\/klikdozdravlja.rs\/index.php?rest_route=%2Fwp%2Fv2%2Fproduct_tag&post=459"}],"curies":[{"name":"wp","href":"https:\/\/api.w.org\/{rel}","templated":true}]}}